{"id":47,"date":"2024-05-05T17:41:14","date_gmt":"2024-05-05T17:41:14","guid":{"rendered":"https:\/\/www.playmentor.io\/our-story\/"},"modified":"2024-08-13T10:56:09","modified_gmt":"2024-08-13T10:56:09","slug":"our-story","status":"publish","type":"page","link":"https:\/\/www.playmentor.io\/es\/our-story\/","title":{"rendered":"Historia"},"content":{"rendered":"<div data-elementor-type=\"wp-page\" data-elementor-id=\"47\" class=\"elementor elementor-47\" data-elementor-post-type=\"page\">\n\t\t\t\t<div class=\"elementor-element elementor-element-fba3990 e-con-full e-flex e-con e-parent\" data-id=\"fba3990\" data-element_type=\"container\" data-e-type=\"container\">\n\t\t<div class=\"elementor-element elementor-element-cfc6f75 e-con-full e-flex e-con e-child\" data-id=\"cfc6f75\" data-element_type=\"container\" data-e-type=\"container\" data-settings=\"{&quot;background_background&quot;:&quot;classic&quot;}\">\n\t\t\t\t<\/div>\n\t\t<div class=\"elementor-element elementor-element-a84dc53 e-con-full e-flex e-con e-child\" data-id=\"a84dc53\" data-element_type=\"container\" data-e-type=\"container\">\n\t\t\t\t<div class=\"elementor-element elementor-element-9366d1e elementor-widget elementor-widget-heading\" data-id=\"9366d1e\" data-element_type=\"widget\" data-e-type=\"widget\" data-widget_type=\"heading.default\">\n\t\t\t\t<div class=\"elementor-widget-container\">\n\t\t\t\t\t<h6 class=\"elementor-heading-title elementor-size-default\">NUESTRA HISTORIA<\/h6>\t\t\t\t<\/div>\n\t\t\t\t<\/div>\n\t\t\t\t<div class=\"elementor-element elementor-element-0ceeea6 elementor-widget elementor-widget-heading\" data-id=\"0ceeea6\" data-element_type=\"widget\" data-e-type=\"widget\" data-widget_type=\"heading.default\">\n\t\t\t\t<div class=\"elementor-widget-container\">\n\t\t\t\t\t<h1 class=\"elementor-heading-title elementor-size-default\">\u00bfQuienes Somos?\nPlayMentor<\/h1>\t\t\t\t<\/div>\n\t\t\t\t<\/div>\n\t\t\t\t<div class=\"elementor-element elementor-element-35cdb5d elementor-widget-divider--view-line elementor-invisible elementor-widget elementor-widget-divider\" data-id=\"35cdb5d\" data-element_type=\"widget\" data-e-type=\"widget\" data-settings=\"{&quot;_animation&quot;:&quot;lightSpeedIn&quot;}\" data-widget_type=\"divider.default\">\n\t\t\t\t<div class=\"elementor-widget-container\">\n\t\t\t\t\t\t\t<div class=\"elementor-divider\">\n\t\t\t<span class=\"elementor-divider-separator\">\n\t\t\t\t\t\t<\/span>\n\t\t<\/div>\n\t\t\t\t\t\t<\/div>\n\t\t\t\t<\/div>\n\t\t\t\t<div class=\"elementor-element elementor-element-81258a3 elementor-invisible elementor-widget elementor-widget-text-editor\" data-id=\"81258a3\" data-element_type=\"widget\" data-e-type=\"widget\" data-settings=\"{&quot;_animation&quot;:&quot;fadeIn&quot;,&quot;_animation_delay&quot;:400}\" data-widget_type=\"text-editor.default\">\n\t\t\t\t<div class=\"elementor-widget-container\">\n\t\t\t\t\t\t\t\t\t<p>PlayMentor es una plataforma especializada en la fusi\u00f3n de tecnolog\u00eda y metodolog\u00eda basada en la pasi\u00f3n por el f\u00fatbol. Nuestra misi\u00f3n principal es mejorar las habilidades futbol\u00edsticas y el desarrollo personal de j\u00f3venes jugadores\/as y entrenadores\/as. Con experiencias de f\u00fatbol ubicadas en Barcelona y en otras ubicaciones bajo demanda, ofrecemos un entorno din\u00e1mico para el aprendizaje pr\u00e1ctico y el crecimiento.<\/p><p>Creamos contenido online orientado al desarrollo de habilidades futbol\u00edsticas, brindando a jugadores\/as y entrenadores\/as acceso a t\u00e9cnicas y estrategias de entrenamiento innovadoras. Nuestra plataforma digital act\u00faa como un centro vital, conectando a jugadores, entrenadores, clubes y cazatalentos, facilitando interacciones y oportunidades dentro de la industria del f\u00fatbol.<\/p><p>En PlayMentor, estamos dedicados no solo a fomentar el talento deportivo, sino tambi\u00e9n a nutrir el desarrollo integral de nuestros miembros. Al integrar lo \u00faltimo en tecnolog\u00eda deportiva, nos aseguramos de que nuestros miembros tengan las herramientas y conexiones necesarias para prosperar en el mundo del f\u00fatbol en constante evoluci\u00f3n.<\/p>\t\t\t\t\t\t\t\t<\/div>\n\t\t\t\t<\/div>\n\t\t\t\t<\/div>\n\t\t\t\t<\/div>\n\t\t<div class=\"elementor-element elementor-element-1348455 e-con-full elementor-hidden-desktop elementor-hidden-tablet elementor-hidden-mobile e-flex e-con e-parent\" data-id=\"1348455\" data-element_type=\"container\" data-e-type=\"container\">\n\t\t<div class=\"elementor-element elementor-element-ff37de8 e-con-full e-flex e-con e-child\" data-id=\"ff37de8\" data-element_type=\"container\" data-e-type=\"container\">\n\t\t\t\t<div class=\"elementor-element elementor-element-b2762bc elementor-widget elementor-widget-heading\" data-id=\"b2762bc\" data-element_type=\"widget\" data-e-type=\"widget\" data-widget_type=\"heading.default\">\n\t\t\t\t<div class=\"elementor-widget-container\">\n\t\t\t\t\t<h6 class=\"elementor-heading-title elementor-size-default\">NUESTRA HISTORIA<\/h6>\t\t\t\t<\/div>\n\t\t\t\t<\/div>\n\t\t\t\t<div class=\"elementor-element elementor-element-8ff0bd8 elementor-widget elementor-widget-heading\" data-id=\"8ff0bd8\" data-element_type=\"widget\" data-e-type=\"widget\" data-widget_type=\"heading.default\">\n\t\t\t\t<div class=\"elementor-widget-container\">\n\t\t\t\t\t<h1 class=\"elementor-heading-title elementor-size-default\">Our story<\/h1>\t\t\t\t<\/div>\n\t\t\t\t<\/div>\n\t\t\t\t<div class=\"elementor-element elementor-element-3c9b951 elementor-widget-divider--view-line elementor-invisible elementor-widget elementor-widget-divider\" data-id=\"3c9b951\" data-element_type=\"widget\" data-e-type=\"widget\" data-settings=\"{&quot;_animation&quot;:&quot;lightSpeedIn&quot;}\" data-widget_type=\"divider.default\">\n\t\t\t\t<div class=\"elementor-widget-container\">\n\t\t\t\t\t\t\t<div class=\"elementor-divider\">\n\t\t\t<span class=\"elementor-divider-separator\">\n\t\t\t\t\t\t<\/span>\n\t\t<\/div>\n\t\t\t\t\t\t<\/div>\n\t\t\t\t<\/div>\n\t\t\t\t<div class=\"elementor-element elementor-element-15df685 elementor-invisible elementor-widget elementor-widget-text-editor\" data-id=\"15df685\" data-element_type=\"widget\" data-e-type=\"widget\" data-settings=\"{&quot;_animation&quot;:&quot;fadeIn&quot;,&quot;_animation_delay&quot;:400}\" data-widget_type=\"text-editor.default\">\n\t\t\t\t<div class=\"elementor-widget-container\">\n\t\t\t\t\t\t\t\t\t<p>PlayMentor was born out of the shared vision and passion of three lifelong friends and football die-hard: Sebas, Felipe, and Guillem. Their journey began in Barcelona, where they met on the football fields as players. Over time, their paths diverged, each carving out distinct careers that, despite their differences, would eventually converge to form the foundation of PlayMentor.<br \/><br \/>Motivated by their individual frustrations and united by their lifelong passion, our founders came together to create PlayMentor. Their combined experiences and insights gave birth to a platform designed not just for developing football skills but also for nurturing personal growth. PlayMentor represents the synthesis of their dreams and efforts.<\/p>\t\t\t\t\t\t\t\t<\/div>\n\t\t\t\t<\/div>\n\t\t\t\t<div class=\"elementor-element elementor-element-b8bd205 elementor-align-left elementor-widget__width-inherit elementor-invisible elementor-widget elementor-widget-button\" data-id=\"b8bd205\" data-element_type=\"widget\" data-e-type=\"widget\" data-settings=\"{&quot;_animation&quot;:&quot;fadeInDown&quot;}\" data-widget_type=\"button.default\">\n\t\t\t\t<div class=\"elementor-widget-container\">\n\t\t\t\t\t\t\t\t\t<div class=\"elementor-button-wrapper\">\n\t\t\t\t\t<a class=\"elementor-button elementor-button-link elementor-size-sm\" href=\"https:\/\/www.playmentor.io\/es\/our-values\/\">\n\t\t\t\t\t\t<span class=\"elementor-button-content-wrapper\">\n\t\t\t\t\t\t\t\t\t<span class=\"elementor-button-text\">Nuestro M\u00e9todo<\/span>\n\t\t\t\t\t<\/span>\n\t\t\t\t\t<\/a>\n\t\t\t\t<\/div>\n\t\t\t\t\t\t\t\t<\/div>\n\t\t\t\t<\/div>\n\t\t\t\t<\/div>\n\t\t<div class=\"elementor-element elementor-element-aae32c3 e-con-full e-flex e-con e-child\" data-id=\"aae32c3\" data-element_type=\"container\" data-e-type=\"container\" data-settings=\"{&quot;background_background&quot;:&quot;classic&quot;}\">\n\t\t\t\t<\/div>\n\t\t\t\t<\/div>\n\t\t\t\t<\/div>","protected":false},"excerpt":{"rendered":"<p>OUR HISTORY About PlayMentor PlayMentor is a sports-tech company that specializes in merging technology and methodology with the timeless love [&hellip;]<\/p>","protected":false},"author":1,"featured_media":0,"parent":0,"menu_order":0,"comment_status":"closed","ping_status":"closed","template":"elementor_header_footer","meta":{"content-type":"","site-sidebar-layout":"default","site-content-layout":"","ast-site-content-layout":"","site-content-style":"default","site-sidebar-style":"default","ast-global-header-display":"","ast-banner-title-visibility":"","ast-main-header-display":"","ast-hfb-above-header-display":"","ast-hfb-below-header-display":"","ast-hfb-mobile-header-display":"","site-post-title":"","ast-breadcrumbs-content":"","ast-featured-img":"","footer-sml-layout":"","theme-transparent-header-meta":"","adv-header-id-meta":"","stick-header-meta":"","header-above-stick-meta":"","header-main-stick-meta":"","header-below-stick-meta":"","astra-migrate-meta-layouts":"default","ast-page-background-enabled":"default","ast-page-background-meta":{"desktop":{"background-color":"var(--ast-global-color-4)","background-image":"","background-repeat":"repeat","background-position":"center center","background-size":"auto","background-attachment":"scroll","background-type":"","background-media":"","overlay-type":"","overlay-color":"","overlay-opacity":"","overlay-gradient":""},"tablet":{"background-color":"","background-image":"","background-repeat":"repeat","background-position":"center center","background-size":"auto","background-attachment":"scroll","background-type":"","background-media":"","overlay-type":"","overlay-color":"","overlay-opacity":"","overlay-gradient":""},"mobile":{"background-color":"","background-image":"","background-repeat":"repeat","background-position":"center center","background-size":"auto","background-attachment":"scroll","background-type":"","background-media":"","overlay-type":"","overlay-color":"","overlay-opacity":"","overlay-gradient":""}},"ast-content-background-meta":{"desktop":{"background-color":"var(--ast-global-color-5)","background-image":"","background-repeat":"repeat","background-position":"center center","background-size":"auto","background-attachment":"scroll","background-type":"","background-media":"","overlay-type":"","overlay-color":"","overlay-opacity":"","overlay-gradient":""},"tablet":{"background-color":"var(--ast-global-color-5)","background-image":"","background-repeat":"repeat","background-position":"center center","background-size":"auto","background-attachment":"scroll","background-type":"","background-media":"","overlay-type":"","overlay-color":"","overlay-opacity":"","overlay-gradient":""},"mobile":{"background-color":"var(--ast-global-color-5)","background-image":"","background-repeat":"repeat","background-position":"center center","background-size":"auto","background-attachment":"scroll","background-type":"","background-media":"","overlay-type":"","overlay-color":"","overlay-opacity":"","overlay-gradient":""}},"footnotes":""},"class_list":["post-47","page","type-page","status-publish","hentry"],"yoast_head":"<!-- This site is optimized with the Yoast SEO plugin v27.4 - https:\/\/yoast.com\/product\/yoast-seo-wordpress\/ -->\n<title>Our Story - PLAYMENTOR<\/title>\n<meta name=\"robots\" content=\"index, follow, max-snippet:-1, max-image-preview:large, max-video-preview:-1\" \/>\n<link rel=\"canonical\" href=\"https:\/\/www.playmentor.io\/es\/our-story\/\" \/>\n<meta property=\"og:locale\" content=\"es_ES\" \/>\n<meta property=\"og:type\" content=\"article\" \/>\n<meta property=\"og:title\" content=\"Our Story - PLAYMENTOR\" \/>\n<meta property=\"og:description\" content=\"OUR HISTORY About PlayMentor PlayMentor is a sports-tech company that specializes in merging technology and methodology with the timeless love [&amp;helli\" \/>\n<meta property=\"og:url\" content=\"https:\/\/www.playmentor.io\/es\/our-story\/\" \/>\n<meta property=\"og:site_name\" content=\"PLAYMENTOR\" \/>\n<meta property=\"article:publisher\" content=\"https:\/\/www.facebook.com\/playmentor.io\" \/>\n<meta property=\"article:modified_time\" content=\"2024-08-13T10:56:09+00:00\" \/>\n<meta property=\"og:image\" content=\"https:\/\/i0.wp.com\/www.playmentor.io\/wp-content\/uploads\/2024\/08\/SEO-fallback.jpg?fit=1200%2C675&ssl=1\" \/>\n\t<meta property=\"og:image:width\" content=\"1200\" \/>\n\t<meta property=\"og:image:height\" content=\"675\" \/>\n\t<meta property=\"og:image:type\" content=\"image\/jpeg\" \/>\n<meta name=\"twitter:card\" content=\"summary_large_image\" \/>\n<meta name=\"twitter:label1\" content=\"Tiempo de lectura\" \/>\n\t<meta name=\"twitter:data1\" content=\"1 minuto\" \/>\n<script type=\"application\/ld+json\" class=\"yoast-schema-graph\">{\"@context\":\"https:\\\/\\\/schema.org\",\"@graph\":[{\"@type\":\"WebPage\",\"@id\":\"https:\\\/\\\/www.playmentor.io\\\/our-story\\\/\",\"url\":\"https:\\\/\\\/www.playmentor.io\\\/our-story\\\/\",\"name\":\"Our Story - PLAYMENTOR\",\"isPartOf\":{\"@id\":\"https:\\\/\\\/www.playmentor.io\\\/#website\"},\"datePublished\":\"2024-05-05T17:41:14+00:00\",\"dateModified\":\"2024-08-13T10:56:09+00:00\",\"breadcrumb\":{\"@id\":\"https:\\\/\\\/www.playmentor.io\\\/our-story\\\/#breadcrumb\"},\"inLanguage\":\"es\",\"potentialAction\":[{\"@type\":\"ReadAction\",\"target\":[\"https:\\\/\\\/www.playmentor.io\\\/our-story\\\/\"]}]},{\"@type\":\"BreadcrumbList\",\"@id\":\"https:\\\/\\\/www.playmentor.io\\\/our-story\\\/#breadcrumb\",\"itemListElement\":[{\"@type\":\"ListItem\",\"position\":1,\"name\":\"Home\",\"item\":\"https:\\\/\\\/www.playmentor.io\\\/\"},{\"@type\":\"ListItem\",\"position\":2,\"name\":\"Our Story\"}]},{\"@type\":\"WebSite\",\"@id\":\"https:\\\/\\\/www.playmentor.io\\\/#website\",\"url\":\"https:\\\/\\\/www.playmentor.io\\\/\",\"name\":\"PLAYMENTOR\",\"description\":\"Empowering Young Athletes through World-Class Football Experiences.\",\"publisher\":{\"@id\":\"https:\\\/\\\/www.playmentor.io\\\/#organization\"},\"alternateName\":\"PM\",\"potentialAction\":[{\"@type\":\"SearchAction\",\"target\":{\"@type\":\"EntryPoint\",\"urlTemplate\":\"https:\\\/\\\/www.playmentor.io\\\/?s={search_term_string}\"},\"query-input\":{\"@type\":\"PropertyValueSpecification\",\"valueRequired\":true,\"valueName\":\"search_term_string\"}}],\"inLanguage\":\"es\"},{\"@type\":\"Organization\",\"@id\":\"https:\\\/\\\/www.playmentor.io\\\/#organization\",\"name\":\"PLAYMENTOR\",\"url\":\"https:\\\/\\\/www.playmentor.io\\\/\",\"logo\":{\"@type\":\"ImageObject\",\"inLanguage\":\"es\",\"@id\":\"https:\\\/\\\/www.playmentor.io\\\/#\\\/schema\\\/logo\\\/image\\\/\",\"url\":\"https:\\\/\\\/www.playmentor.io\\\/wp-content\\\/uploads\\\/2024\\\/05\\\/Playmentor_logo-01.svg\",\"contentUrl\":\"https:\\\/\\\/www.playmentor.io\\\/wp-content\\\/uploads\\\/2024\\\/05\\\/Playmentor_logo-01.svg\",\"width\":800,\"height\":90,\"caption\":\"PLAYMENTOR\"},\"image\":{\"@id\":\"https:\\\/\\\/www.playmentor.io\\\/#\\\/schema\\\/logo\\\/image\\\/\"},\"sameAs\":[\"https:\\\/\\\/www.facebook.com\\\/playmentor.io\",\"https:\\\/\\\/www.linkedin.com\\\/company\\\/playmentor-io\",\"https:\\\/\\\/www.instagram.com\\\/playmentor.io\\\/\",\"https:\\\/\\\/www.tiktok.com\\\/@playmentor.io\"]}]}<\/script>\n<!-- \/ Yoast SEO plugin. -->","yoast_head_json":{"title":"Our Story - PLAYMENTOR","robots":{"index":"index","follow":"follow","max-snippet":"max-snippet:-1","max-image-preview":"max-image-preview:large","max-video-preview":"max-video-preview:-1"},"canonical":"https:\/\/www.playmentor.io\/es\/our-story\/","og_locale":"es_ES","og_type":"article","og_title":"Our Story - PLAYMENTOR","og_description":"OUR HISTORY About PlayMentor PlayMentor is a sports-tech company that specializes in merging technology and methodology with the timeless love [&helli","og_url":"https:\/\/www.playmentor.io\/es\/our-story\/","og_site_name":"PLAYMENTOR","article_publisher":"https:\/\/www.facebook.com\/playmentor.io","article_modified_time":"2024-08-13T10:56:09+00:00","og_image":[{"width":1200,"height":675,"url":"https:\/\/i0.wp.com\/www.playmentor.io\/wp-content\/uploads\/2024\/08\/SEO-fallback.jpg?fit=1200%2C675&ssl=1","type":"image\/jpeg"}],"twitter_card":"summary_large_image","twitter_misc":{"Tiempo de lectura":"1 minuto"},"schema":{"@context":"https:\/\/schema.org","@graph":[{"@type":"WebPage","@id":"https:\/\/www.playmentor.io\/our-story\/","url":"https:\/\/www.playmentor.io\/our-story\/","name":"Our Story - PLAYMENTOR","isPartOf":{"@id":"https:\/\/www.playmentor.io\/#website"},"datePublished":"2024-05-05T17:41:14+00:00","dateModified":"2024-08-13T10:56:09+00:00","breadcrumb":{"@id":"https:\/\/www.playmentor.io\/our-story\/#breadcrumb"},"inLanguage":"es","potentialAction":[{"@type":"ReadAction","target":["https:\/\/www.playmentor.io\/our-story\/"]}]},{"@type":"BreadcrumbList","@id":"https:\/\/www.playmentor.io\/our-story\/#breadcrumb","itemListElement":[{"@type":"ListItem","position":1,"name":"Home","item":"https:\/\/www.playmentor.io\/"},{"@type":"ListItem","position":2,"name":"Our Story"}]},{"@type":"WebSite","@id":"https:\/\/www.playmentor.io\/#website","url":"https:\/\/www.playmentor.io\/","name":"PLAYMENTOR","description":"Empowering Young Athletes through World-Class Football Experiences.","publisher":{"@id":"https:\/\/www.playmentor.io\/#organization"},"alternateName":"PM","potentialAction":[{"@type":"SearchAction","target":{"@type":"EntryPoint","urlTemplate":"https:\/\/www.playmentor.io\/?s={search_term_string}"},"query-input":{"@type":"PropertyValueSpecification","valueRequired":true,"valueName":"search_term_string"}}],"inLanguage":"es"},{"@type":"Organization","@id":"https:\/\/www.playmentor.io\/#organization","name":"PLAYMENTOR","url":"https:\/\/www.playmentor.io\/","logo":{"@type":"ImageObject","inLanguage":"es","@id":"https:\/\/www.playmentor.io\/#\/schema\/logo\/image\/","url":"https:\/\/www.playmentor.io\/wp-content\/uploads\/2024\/05\/Playmentor_logo-01.svg","contentUrl":"https:\/\/www.playmentor.io\/wp-content\/uploads\/2024\/05\/Playmentor_logo-01.svg","width":800,"height":90,"caption":"PLAYMENTOR"},"image":{"@id":"https:\/\/www.playmentor.io\/#\/schema\/logo\/image\/"},"sameAs":["https:\/\/www.facebook.com\/playmentor.io","https:\/\/www.linkedin.com\/company\/playmentor-io","https:\/\/www.instagram.com\/playmentor.io\/","https:\/\/www.tiktok.com\/@playmentor.io"]}]}},"jetpack_sharing_enabled":true,"_links":{"self":[{"href":"https:\/\/www.playmentor.io\/es\/wp-json\/wp\/v2\/pages\/47","targetHints":{"allow":["GET"]}}],"collection":[{"href":"https:\/\/www.playmentor.io\/es\/wp-json\/wp\/v2\/pages"}],"about":[{"href":"https:\/\/www.playmentor.io\/es\/wp-json\/wp\/v2\/types\/page"}],"author":[{"embeddable":true,"href":"https:\/\/www.playmentor.io\/es\/wp-json\/wp\/v2\/users\/1"}],"replies":[{"embeddable":true,"href":"https:\/\/www.playmentor.io\/es\/wp-json\/wp\/v2\/comments?post=47"}],"version-history":[{"count":11,"href":"https:\/\/www.playmentor.io\/es\/wp-json\/wp\/v2\/pages\/47\/revisions"}],"predecessor-version":[{"id":1350,"href":"https:\/\/www.playmentor.io\/es\/wp-json\/wp\/v2\/pages\/47\/revisions\/1350"}],"wp:attachment":[{"href":"https:\/\/www.playmentor.io\/es\/wp-json\/wp\/v2\/media?parent=47"}],"curies":[{"name":"wp","href":"https:\/\/api.w.org\/{rel}","templated":true}]}}